{"id":420,"date":"2019-11-17T09:09:58","date_gmt":"2019-11-17T08:09:58","guid":{"rendered":"https:\/\/www.ohmp.de\/cms\/?page_id=420"},"modified":"2019-11-24T20:07:54","modified_gmt":"2019-11-24T19:07:54","slug":"support","status":"publish","type":"page","link":"https:\/\/www.ohmp.de\/?page_id=420","title":{"rendered":"Support"},"content":{"rendered":"<p>[et_pb_section fb_built=&#8220;1&#8243; fullwidth=&#8220;on&#8220; _builder_version=&#8220;4.0.6&#8243;][et_pb_fullwidth_image src=&#8220;https:\/\/www.ohmp.de\/wp-content\/uploads\/2019\/11\/Header_17.jpg&#8220; _builder_version=&#8220;4.0.6&#8243;][\/et_pb_fullwidth_image][\/et_pb_section][et_pb_section fb_built=&#8220;1&#8243; admin_label=&#8220;Support&#8220; _builder_version=&#8220;4.0.6&#8243; background_color=&#8220;#006983&#8243; background_enable_image=&#8220;off&#8220; global_module=&#8220;656&#8243; saved_tabs=&#8220;all&#8220;][et_pb_row _builder_version=&#8220;4.0.6&#8243; custom_margin=&#8220;||||false|false&#8220; custom_padding=&#8220;0px||||false|false&#8220;][et_pb_column type=&#8220;4_4&#8243; _builder_version=&#8220;4.0.6&#8243;][et_pb_text _builder_version=&#8220;4.0.6&#8243; custom_margin=&#8220;|||10px|false|false&#8220;]<\/p>\n<h2><span style=\"color: #ffffff;\"><strong>SUPPORT<\/strong><\/span><\/h2>\n<p>[\/et_pb_text][\/et_pb_column][\/et_pb_row][et_pb_row column_structure=&#8220;1_3,1_3,1_3&#8243; use_custom_gutter=&#8220;on&#8220; gutter_width=&#8220;1&#8243; _builder_version=&#8220;4.0.6&#8243; background_enable_color=&#8220;off&#8220; custom_margin=&#8220;||||false|false&#8220; custom_padding=&#8220;||||false|false&#8220;][et_pb_column type=&#8220;1_3&#8243; _builder_version=&#8220;4.0.6&#8243;][et_pb_text admin_label=&#8220;Support Box 1&#8243; _builder_version=&#8220;4.0.6&#8243; text_font=&#8220;||||||||&#8220; background_enable_color=&#8220;off&#8220; width=&#8220;90%&#8220; custom_margin=&#8220;||||false|false&#8220; custom_padding=&#8220;||10px|10px|false|false&#8220; border_color_all=&#8220;#466c80&#8243;]<\/p>\n<p><span style=\"color: #ffffff;\">Wir sind ein leidenschaftlicher Partner und unterst\u00fctzen unsere Kunden vollumf\u00e4nglich bei dem Erwerb oder Verkauf von Omnibussen. <\/span><br \/><span style=\"color: #ffffff;\">Selbstverst\u00e4ndlich bieten wir Ihnen auch Alternative Antriebe an.<\/span><\/p>\n<p><span style=\"color: #ffffff;\">Je nach Bedarf haben wir 100% Elektrofahrzeuge wie auch Gasantriebe.<\/span><\/p>\n<p><span style=\"color: #ffffff;\">Schneller Service, genau wenn Sie ihn ben\u00f6tigen ist unser Versprechen an Sie!<\/span><\/p>\n<p>[\/et_pb_text][\/et_pb_column][et_pb_column type=&#8220;1_3&#8243; _builder_version=&#8220;4.0.6&#8243;][et_pb_text admin_label=&#8220;Support Box 2&#8243; _builder_version=&#8220;4.0.6&#8243; text_font=&#8220;||||||||&#8220; background_enable_color=&#8220;off&#8220; width=&#8220;90%&#8220; custom_margin=&#8220;||||false|false&#8220; custom_padding=&#8220;||10px|10px|false|false&#8220; border_color_all=&#8220;#466c80&#8243;]<\/p>\n<p><span style=\"color: #ffffff;\">Jede Kundenanforderung ist individuell und Ihr Bus wird an Ihre Bed\u00fcrfnisse und Ausstattungsw\u00fcnsche angepasst. <\/span><\/p>\n<p><span style=\"color: #ffffff;\">Daher ist uns der pers\u00f6nliche Kontakt zu Ihnen von gr\u00f6\u00dfter Bedeutung, egal ob es um individualisierte Innenraumgestaltung oder Farbwahl geht.<\/span><\/p>\n<p><span style=\"color: #ffffff;\">Gern passen wir auch L\u00f6sungen speziell f\u00fcr Sie an, f\u00fcr uns und unseren Hersteller ist das Au\u00dfergew\u00f6hnliche normal.<\/span><\/p>\n<p><span style=\"color: #ffffff;\">Mit einem Kofferraumvolumen von 3.500 l &#8211; 5.000 l bieten wir Ihnen den gr\u00f6\u00dften Kofferraum seiner Klasse.<\/span><\/p>\n<p>[\/et_pb_text][\/et_pb_column][et_pb_column type=&#8220;1_3&#8243; _builder_version=&#8220;4.0.6&#8243;][et_pb_text admin_label=&#8220;Support Box 3&#8243; _builder_version=&#8220;4.0.6&#8243; text_font=&#8220;||||||||&#8220; background_enable_color=&#8220;off&#8220; width=&#8220;90%&#8220; custom_margin=&#8220;||||false|false&#8220; custom_padding=&#8220;||10px|10px|false|false&#8220; border_color_all=&#8220;#466c80&#8243;]<\/p>\n<p><span style=\"color: #ffffff;\">Auch f\u00fcr den Komfort Ihrer Fahrg\u00e4ste haben wir eine gro\u00dfe Auswahl. Unsere Kunden k\u00f6nnen aus vielen verschieden Varianten von Stoffen, Farben oder Lederkombinationen w\u00e4hlen. Bodenbel\u00e4ge, Lichtl\u00f6sungen und verschiedenste Komfortapplikationen sind ein Standard. Auf einen gro\u00dfen komfortablen Einstieg f\u00fcr Ihre G\u00e4ste, 45 cm breite Sitzfl\u00e4chen und einen ausreichend breiten Gang m\u00fcssen Sie nicht verzichten.<\/span><\/p>\n<p><span style=\"color: #ffffff;\">\u00dcberlegen Sie nicht lang, lernen Sie uns kennen.<\/span><\/p>\n<p>[\/et_pb_text][\/et_pb_column][\/et_pb_row][\/et_pb_section][et_pb_section fb_built=&#8220;1&#8243; _builder_version=&#8220;4.0.6&#8243; hover_enabled=&#8220;0&#8243; background_color=&#8220;#5c6771&#8243;][et_pb_row _builder_version=&#8220;4.0.6&#8243;][et_pb_column type=&#8220;4_4&#8243; _builder_version=&#8220;4.0.6&#8243;][et_pb_text _builder_version=&#8220;4.0.6&#8243; background_color=&#8220;#5c6771&#8243;][\/et_pb_text][\/et_pb_column][\/et_pb_row][\/et_pb_section]<\/p>\n","protected":false},"excerpt":{"rendered":"<p>SUPPORTWir sind ein leidenschaftlicher Partner und unterst\u00fctzen unsere Kunden vollumf\u00e4nglich bei dem Erwerb oder Verkauf von Omnibussen. Selbstverst\u00e4ndlich bieten wir Ihnen auch Alternative Antriebe an. Je nach Bedarf haben wir 100% Elektrofahrzeuge wie auch Gasantriebe. Schneller Service, genau wenn Sie ihn ben\u00f6tigen ist unser Versprechen an Sie!Jede Kundenanforderung ist individuell und Ihr Bus wird an [&hellip;]<\/p>\n","protected":false},"author":1,"featured_media":0,"parent":0,"menu_order":4,"comment_status":"closed","ping_status":"closed","template":"","meta":{"_et_pb_use_builder":"on","_et_pb_old_content":"<!-- wp:divi\/placeholder \/-->","_et_gb_content_width":"","footnotes":""},"class_list":["post-420","page","type-page","status-publish","hentry"],"_links":{"self":[{"href":"https:\/\/www.ohmp.de\/index.php?rest_route=\/wp\/v2\/pages\/420","targetHints":{"allow":["GET"]}}],"collection":[{"href":"https:\/\/www.ohmp.de\/index.php?rest_route=\/wp\/v2\/pages"}],"about":[{"href":"https:\/\/www.ohmp.de\/index.php?rest_route=\/wp\/v2\/types\/page"}],"author":[{"embeddable":true,"href":"https:\/\/www.ohmp.de\/index.php?rest_route=\/wp\/v2\/users\/1"}],"replies":[{"embeddable":true,"href":"https:\/\/www.ohmp.de\/index.php?rest_route=%2Fwp%2Fv2%2Fcomments&post=420"}],"version-history":[{"count":17,"href":"https:\/\/www.ohmp.de\/index.php?rest_route=\/wp\/v2\/pages\/420\/revisions"}],"predecessor-version":[{"id":1105,"href":"https:\/\/www.ohmp.de\/index.php?rest_route=\/wp\/v2\/pages\/420\/revisions\/1105"}],"wp:attachment":[{"href":"https:\/\/www.ohmp.de\/index.php?rest_route=%2Fwp%2Fv2%2Fmedia&parent=420"}],"curies":[{"name":"wp","href":"https:\/\/api.w.org\/{rel}","templated":true}]}}