{"id":418,"date":"2019-11-17T09:09:38","date_gmt":"2019-11-17T08:09:38","guid":{"rendered":"https:\/\/www.ohmp.de\/cms\/?page_id=418"},"modified":"2025-03-12T13:31:10","modified_gmt":"2025-03-12T12:31:10","slug":"ueber-uns","status":"publish","type":"page","link":"https:\/\/www.ohmp.de\/?page_id=418","title":{"rendered":"\u00dcber uns"},"content":{"rendered":"<p>[et_pb_section bb_built=&#8220;1&#8243; fullwidth=&#8220;on&#8220; _builder_version=&#8220;4.0.6&#8243; next_background_color=&#8220;#000000&#8243;][et_pb_fullwidth_image src=&#8220;https:\/\/www.ohmp.de\/wp-content\/uploads\/2019\/11\/Header_18.jpg&#8220; _builder_version=&#8220;4.0.6&#8243; hover_enabled=&#8220;0&#8243;]<\/p>\n<p>[\/et_pb_fullwidth_image][\/et_pb_section][et_pb_section bb_built=&#8220;1&#8243; admin_label=&#8220;\u00dcber uns&#8220; _builder_version=&#8220;4.0.6&#8243; background_enable_color=&#8220;off&#8220; background_enable_image=&#8220;off&#8220; saved_tabs=&#8220;all&#8220; prev_background_color=&#8220;#000000&#8243; global_module=&#8220;649&#8243;][et_pb_row global_parent=&#8220;649&#8243; column_structure=&#8220;1_2,1_2&#8243; use_custom_gutter=&#8220;on&#8220; gutter_width=&#8220;1&#8243; _builder_version=&#8220;4.0.6&#8243; custom_margin=&#8220;||||false|false&#8220; custom_padding=&#8220;||||false|false&#8220;][et_pb_column type=&#8220;1_2&#8243; global_parent=&#8220;649&#8243; _builder_version=&#8220;4.0.6&#8243;][et_pb_text admin_label=&#8220;Slogan&#8220; global_parent=&#8220;649&#8243; _builder_version=&#8220;4.0.6&#8243; text_font=&#8220;Open Sans||||||||&#8220; text_text_color=&#8220;#006983&#8243; hover_enabled=&#8220;0&#8243;]<\/p>\n<h1><\/h1>\n<h1><\/h1>\n<h1><\/h1>\n<h1><\/h1>\n<h1><\/h1>\n<h1><\/h1>\n<h1><\/h1>\n<h1><\/h1>\n<p>&nbsp;<\/p>\n<h1><\/h1>\n<h1><strong><span style=\"color: #006983;\">NICHT AUFZUHALTEN&#8230;<\/span><\/strong><\/h1>\n<h4><span style=\"color: #5d646c;\">Omnibushandelsvertretung Michael Peschel<\/span><\/h4>\n<p>[\/et_pb_text][\/et_pb_column][et_pb_column type=&#8220;1_2&#8243; global_parent=&#8220;649&#8243; _builder_version=&#8220;4.0.6&#8243;][et_pb_text admin_label=&#8220;Begr\u00fc\u00dfung \/ Vorstellung&#8220; global_parent=&#8220;649&#8243; _builder_version=&#8220;4.27.4&#8243; text_text_color=&#8220;#5d646c&#8220; hover_enabled=&#8220;0&#8243; background_pattern_color=&#8220;rgba(0,0,0,0.2)&#8220; background_mask_color=&#8220;#ffffff&#8220; text_text_shadow_horizontal_length=&#8220;text_text_shadow_style,%91object Object%93&#8243; text_text_shadow_horizontal_length_tablet=&#8220;0px&#8220; text_text_shadow_vertical_length=&#8220;text_text_shadow_style,%91object Object%93&#8243; text_text_shadow_vertical_length_tablet=&#8220;0px&#8220; text_text_shadow_blur_strength=&#8220;text_text_shadow_style,%91object Object%93&#8243; text_text_shadow_blur_strength_tablet=&#8220;1px&#8220; link_text_shadow_horizontal_length=&#8220;link_text_shadow_style,%91object Object%93&#8243; link_text_shadow_horizontal_length_tablet=&#8220;0px&#8220; link_text_shadow_vertical_length=&#8220;link_text_shadow_style,%91object Object%93&#8243; link_text_shadow_vertical_length_tablet=&#8220;0px&#8220; link_text_shadow_blur_strength=&#8220;link_text_shadow_style,%91object Object%93&#8243; link_text_shadow_blur_strength_tablet=&#8220;1px&#8220; ul_text_shadow_horizontal_length=&#8220;ul_text_shadow_style,%91object Object%93&#8243; ul_text_shadow_horizontal_length_tablet=&#8220;0px&#8220; ul_text_shadow_vertical_length=&#8220;ul_text_shadow_style,%91object Object%93&#8243; ul_text_shadow_vertical_length_tablet=&#8220;0px&#8220; ul_text_shadow_blur_strength=&#8220;ul_text_shadow_style,%91object Object%93&#8243; ul_text_shadow_blur_strength_tablet=&#8220;1px&#8220; ol_text_shadow_horizontal_length=&#8220;ol_text_shadow_style,%91object Object%93&#8243; ol_text_shadow_horizontal_length_tablet=&#8220;0px&#8220; ol_text_shadow_vertical_length=&#8220;ol_text_shadow_style,%91object Object%93&#8243; ol_text_shadow_vertical_length_tablet=&#8220;0px&#8220; ol_text_shadow_blur_strength=&#8220;ol_text_shadow_style,%91object Object%93&#8243; ol_text_shadow_blur_strength_tablet=&#8220;1px&#8220; quote_text_shadow_horizontal_length=&#8220;quote_text_shadow_style,%91object Object%93&#8243; quote_text_shadow_horizontal_length_tablet=&#8220;0px&#8220; quote_text_shadow_vertical_length=&#8220;quote_text_shadow_style,%91object Object%93&#8243; quote_text_shadow_vertical_length_tablet=&#8220;0px&#8220; quote_text_shadow_blur_strength=&#8220;quote_text_shadow_style,%91object Object%93&#8243; quote_text_shadow_blur_strength_tablet=&#8220;1px&#8220; header_text_shadow_horizontal_length=&#8220;header_text_shadow_style,%91object Object%93&#8243; header_text_shadow_horizontal_length_tablet=&#8220;0px&#8220; header_text_shadow_vertical_length=&#8220;header_text_shadow_style,%91object Object%93&#8243; header_text_shadow_vertical_length_tablet=&#8220;0px&#8220; header_text_shadow_blur_strength=&#8220;header_text_shadow_style,%91object Object%93&#8243; header_text_shadow_blur_strength_tablet=&#8220;1px&#8220; header_2_text_shadow_horizontal_length=&#8220;header_2_text_shadow_style,%91object Object%93&#8243; header_2_text_shadow_horizontal_length_tablet=&#8220;0px&#8220; header_2_text_shadow_vertical_length=&#8220;header_2_text_shadow_style,%91object Object%93&#8243; header_2_text_shadow_vertical_length_tablet=&#8220;0px&#8220; header_2_text_shadow_blur_strength=&#8220;header_2_text_shadow_style,%91object Object%93&#8243; header_2_text_shadow_blur_strength_tablet=&#8220;1px&#8220; header_3_text_shadow_horizontal_length=&#8220;header_3_text_shadow_style,%91object Object%93&#8243; header_3_text_shadow_horizontal_length_tablet=&#8220;0px&#8220; header_3_text_shadow_vertical_length=&#8220;header_3_text_shadow_style,%91object Object%93&#8243; header_3_text_shadow_vertical_length_tablet=&#8220;0px&#8220; header_3_text_shadow_blur_strength=&#8220;header_3_text_shadow_style,%91object Object%93&#8243; header_3_text_shadow_blur_strength_tablet=&#8220;1px&#8220; header_4_text_shadow_horizontal_length=&#8220;header_4_text_shadow_style,%91object Object%93&#8243; header_4_text_shadow_horizontal_length_tablet=&#8220;0px&#8220; header_4_text_shadow_vertical_length=&#8220;header_4_text_shadow_style,%91object Object%93&#8243; header_4_text_shadow_vertical_length_tablet=&#8220;0px&#8220; header_4_text_shadow_blur_strength=&#8220;header_4_text_shadow_style,%91object Object%93&#8243; header_4_text_shadow_blur_strength_tablet=&#8220;1px&#8220; header_5_text_shadow_horizontal_length=&#8220;header_5_text_shadow_style,%91object Object%93&#8243; header_5_text_shadow_horizontal_length_tablet=&#8220;0px&#8220; header_5_text_shadow_vertical_length=&#8220;header_5_text_shadow_style,%91object Object%93&#8243; header_5_text_shadow_vertical_length_tablet=&#8220;0px&#8220; header_5_text_shadow_blur_strength=&#8220;header_5_text_shadow_style,%91object Object%93&#8243; header_5_text_shadow_blur_strength_tablet=&#8220;1px&#8220; header_6_text_shadow_horizontal_length=&#8220;header_6_text_shadow_style,%91object Object%93&#8243; header_6_text_shadow_horizontal_length_tablet=&#8220;0px&#8220; header_6_text_shadow_vertical_length=&#8220;header_6_text_shadow_style,%91object Object%93&#8243; header_6_text_shadow_vertical_length_tablet=&#8220;0px&#8220; header_6_text_shadow_blur_strength=&#8220;header_6_text_shadow_style,%91object Object%93&#8243; header_6_text_shadow_blur_strength_tablet=&#8220;1px&#8220; box_shadow_horizontal_tablet=&#8220;0px&#8220; box_shadow_vertical_tablet=&#8220;0px&#8220; box_shadow_blur_tablet=&#8220;40px&#8220; box_shadow_spread_tablet=&#8220;0px&#8220; vertical_offset_tablet=&#8220;0&#8243; horizontal_offset_tablet=&#8220;0&#8243; z_index_tablet=&#8220;0&#8243;]<\/p>\n<h2><span style=\"color: #006983;\"><strong>\u00dcBER UNS<\/strong><\/span><\/h2>\n<p>Omnibushandelsvertretung Michael Peschel, Ihr Partner seit mehr als 20 Jahren wenn es darum geht, Ihren Fuhrpark zu erweitern. Unsere Angebotspalette umfasst eine Vielzahl an Fahrzeugen von Kleinbus, Mini-, Midi-, Reisebus, Linien- und Sonderfahrzeugen. Unsere Fahrzeuge basieren auf den neusten Fahrgestellen namhafter Hersteller, wie z.B. Mercedes, Iveco, MAN und Volvo.<\/p>\n<p>Als Spezialist im Midi-Bus-Bereich haben wir die M\u00f6glichkeit, auch auf sehr spezielle W\u00fcnsche unserer Kunden eingehen zu k\u00f6nnen. Von Economy-Class bis hin zu First-Class-Bussen, wir sind der richtige Partner.<br \/>S\u00e4mtliche Aufbauten unserer Fahrzeuge sind mit einem speziellen Stahlgitterrohrrahmen und erstklassigen Kunststoffen hergestellt.<\/p>\n<p>Sie entsprechen den heutigen gesetzlichen Bestimmungen und sind nach europ\u00e4ischen Normen zertifiziert.<\/p>\n<p>[\/et_pb_text][\/et_pb_column][\/et_pb_row][\/et_pb_section]<\/p>\n","protected":false},"excerpt":{"rendered":"<p>&nbsp; NICHT AUFZUHALTEN&#8230; Omnibushandelsvertretung Michael Peschel \u00dcBER UNS Omnibushandelsvertretung Michael Peschel, Ihr Partner seit mehr als 20 Jahren wenn es darum geht, Ihren Fuhrpark zu erweitern. Unsere Angebotspalette umfasst eine Vielzahl an Fahrzeugen von Kleinbus, Mini-, Midi-, Reisebus, Linien- und Sonderfahrzeugen. Unsere Fahrzeuge basieren auf den neusten Fahrgestellen namhafter Hersteller, wie z.B. Mercedes, Iveco, MAN [&hellip;]<\/p>\n","protected":false},"author":1,"featured_media":0,"parent":0,"menu_order":3,"comment_status":"closed","ping_status":"closed","template":"","meta":{"_et_pb_use_builder":"on","_et_pb_old_content":"","_et_gb_content_width":"","footnotes":""},"class_list":["post-418","page","type-page","status-publish","hentry"],"_links":{"self":[{"href":"https:\/\/www.ohmp.de\/index.php?rest_route=\/wp\/v2\/pages\/418","targetHints":{"allow":["GET"]}}],"collection":[{"href":"https:\/\/www.ohmp.de\/index.php?rest_route=\/wp\/v2\/pages"}],"about":[{"href":"https:\/\/www.ohmp.de\/index.php?rest_route=\/wp\/v2\/types\/page"}],"author":[{"embeddable":true,"href":"https:\/\/www.ohmp.de\/index.php?rest_route=\/wp\/v2\/users\/1"}],"replies":[{"embeddable":true,"href":"https:\/\/www.ohmp.de\/index.php?rest_route=%2Fwp%2Fv2%2Fcomments&post=418"}],"version-history":[{"count":13,"href":"https:\/\/www.ohmp.de\/index.php?rest_route=\/wp\/v2\/pages\/418\/revisions"}],"predecessor-version":[{"id":1293,"href":"https:\/\/www.ohmp.de\/index.php?rest_route=\/wp\/v2\/pages\/418\/revisions\/1293"}],"wp:attachment":[{"href":"https:\/\/www.ohmp.de\/index.php?rest_route=%2Fwp%2Fv2%2Fmedia&parent=418"}],"curies":[{"name":"wp","href":"https:\/\/api.w.org\/{rel}","templated":true}]}}