{"id":20,"date":"2018-01-22T19:53:03","date_gmt":"2018-01-22T18:53:03","guid":{"rendered":"http:\/\/ohmp.de\/cms\/?page_id=20"},"modified":"2019-11-27T09:08:01","modified_gmt":"2019-11-27T08:08:01","slug":"impressum","status":"publish","type":"page","link":"https:\/\/www.ohmp.de\/?page_id=20","title":{"rendered":"Impressum"},"content":{"rendered":"<p>[et_pb_section fb_built=&#8220;1&#8243; _builder_version=&#8220;3.22&#8243;][et_pb_row _builder_version=&#8220;3.25&#8243; background_size=&#8220;initial&#8220; background_position=&#8220;top_left&#8220; background_repeat=&#8220;repeat&#8220;][et_pb_column type=&#8220;4_4&#8243; _builder_version=&#8220;3.25&#8243; custom_padding=&#8220;|||&#8220; custom_padding__hover=&#8220;|||&#8220;][et_pb_text _builder_version=&#8220;4.0.6&#8243;]<\/p>\n<h2><strong>IMPRESSUM<\/strong><\/h2>\n<p>[\/et_pb_text][et_pb_text _builder_version=&#8220;4.0.7&#8243; text_font=&#8220;Open Sans||||||||&#8220; background_size=&#8220;initial&#8220; background_position=&#8220;top_left&#8220; background_repeat=&#8220;repeat&#8220; hover_enabled=&#8220;0&#8243;]<\/p>\n<h4><strong>Angaben gem\u00e4\u00df \u00a7 5 TMG:<\/strong><\/h4>\n<p>Omnibushandelsvertretung<br \/> Michael Peschel<\/p>\n<p>Berliner Stra\u00dfe 21<br \/> D-13127 Berlin<\/p>\n<p>Telefon: 030 \/ 25 32 77 16<br \/> Telefax: 030 \/ 25 32 77 15<br \/> E-Mail: <span style=\"color: #333333;\"><a href=\"https:\/\/www.ohmp.de\/?page_id=171\" style=\"color: #333333;\">Kontaktformular<\/a><\/span><\/p>\n<p><strong>Gesch\u00e4ftsf\u00fchrer<\/strong>: Michael Peschel<br \/> <strong>USt-IdNr<\/strong>.: DE230876040<\/p>\n<h4><strong>Datenschutz<\/strong><\/h4>\n<p>Sofern innerhalb des Internetangebotes die M\u00f6glichkeit zur Eingabe pers\u00f6nlicher oder gesch\u00e4ftlicher Daten (Emailadressen, Namen, Anschriften) besteht, so erfolgt die Preisgabe dieser Daten seitens des Nutzers auf ausdr\u00fccklich freiwilliger Basis. Wir versichern, da\u00df wir \u00fcbermittelte Daten vertraulich und nur zum Zwecke der Kontaktpflege bzw. Angebotserstellung verwenden. Eine Weitergabe an Dritte ist ausgeschlossen.<\/p>\n<h4><strong>Urheberrechtlicher Hinweis<\/strong><\/h4>\n<p class=\"p1\">S\u00e4mtliche Materialien auf dieser Website sind urheberrechtliches Eigentum von Omnibushandelsvertretung Michael Peschel oder werden mit der Genehmigung anderer Urheberrechtsinhaber wiedergegeben. Das Urheberrecht bezieht sich auf die Gestaltung der Seiten, die W\u00f6rter auf den Seiten sowie die Bilder und den Aufbau der Seiten. Alle Rechte vorbehalten. Keine Materialien d\u00fcrfen ohne vorherige schriftliche Genehmigung durch Omnibushandelsvertretung Michael Peschel kopiert, ge\u00e4ndert, ver\u00f6ffentlicht, gesendet oder anderweitig in Umlauf gebracht werden.<\/p>\n<h4><strong>Haftung f\u00fcr die abrufbaren Inhalte<\/strong><\/h4>\n<p>Wir \u00fcbernehmen keinerlei Gew\u00e4hr f\u00fcr die Aktualit\u00e4t, Korrektheit, Vollst\u00e4ndigkeit oder Qualit\u00e4t der bereitgestellten Informationen. Haftungsanspr\u00fcche gegen uns, welche sich auf Sch\u00e4den materieller oder ideeller Art beziehen, die durch die Nutzung oder Nichtnutzung der dargebotenen Informationen bzw. durch die Nutzung fehlerhafter und unvollst\u00e4ndiger Informationen verursacht wurden sind grunds\u00e4tzlich ausgeschlossen, sofern unsererseits kein nachweislich vors\u00e4tzliches oder grob fahrl\u00e4ssiges Verschulden vorliegt.<\/p>\n<p>Alle Angebote sind freibleibend und unverbindlich. Wir behalten uns ausdr\u00fccklich vor, Teile der Seiten oder das gesamte Angebot ohne gesonderte Ank\u00fcndigung zu ver\u00e4ndern, zu erg\u00e4nzen, zu l\u00f6schen oder die Ver\u00f6ffentlichung zeitweise oder endg\u00fcltig einzustellen.<\/p>\n<p>[\/et_pb_text][\/et_pb_column][\/et_pb_row][\/et_pb_section]<\/p>\n","protected":false},"excerpt":{"rendered":"<p>IMPRESSUMAngaben gem\u00e4\u00df \u00a7 5 TMG: Omnibushandelsvertretung Michael Peschel Berliner Stra\u00dfe 21 D-13127 Berlin Telefon: 030 \/ 25 32 77 16 Telefax: 030 \/ 25 32 77 15 E-Mail: Kontaktformular Gesch\u00e4ftsf\u00fchrer: Michael Peschel USt-IdNr.: DE230876040 Datenschutz Sofern innerhalb des Internetangebotes die M\u00f6glichkeit zur Eingabe pers\u00f6nlicher oder gesch\u00e4ftlicher Daten (Emailadressen, Namen, Anschriften) besteht, so erfolgt die Preisgabe [&hellip;]<\/p>\n","protected":false},"author":1,"featured_media":0,"parent":0,"menu_order":98,"comment_status":"closed","ping_status":"closed","template":"","meta":{"_et_pb_use_builder":"on","_et_pb_old_content":"<h3>Angaben gem\u00e4\u00df \u00a7 5 TMG:<\/h3><p>Omnibushandelsvertretung<br \/>Michael Peschel<\/p><p>Berliner Stra\u00dfe 21<br \/>D-13127 Berlin<\/p><p>Telefon: 030 \/ 25 32 77 16<br \/>Telefax: 030 \/ 25 32 77 15<br \/>E-Mail:<\/p><p><strong>Gesch\u00e4ftsf\u00fchrer<\/strong>: Michael Peschel<br \/><strong>USt-IdNr<\/strong>.: DE230876040<br \/><strong>Handelsregistereintrag<\/strong>:<\/p><h3>Datenschutz<\/h3><p>Sofern innerhalb des Internetangebotes die M\u00f6glichkeit zur Eingabe pers\u00f6nlicher oder gesch\u00e4ftlicher Daten (Emailadressen, Namen, Anschriften) besteht, so erfolgt die Preisgabe dieser Daten seitens des Nutzers auf ausdr\u00fccklich freiwilliger Basis. Wir versichern, da\u00df wir \u00fcbermittelte Daten vertraulich und nur zum Zwecke der Kontaktpflege bzw. Angebotserstellung verwenden. Eine Weitergabe an Dritte ist ausgeschlossen.<\/p><h3>Urheberrechtlicher Hinweis<\/h3><p>Alle Inhalte dieser Internetpr\u00e4senz unterliegen dem Copyright \u00a9 der Schultz Omnibushandel GmbH. gem. dem deutschen Leistungsschutz- und Urheberrecht (UrhG).<\/p><p>Jede Verwendung, Verfremdung, Ver\u00f6ffentlichung - auch \u00dcbersetzung - bedarf der schriftlichen Genehmigung durch die Schultz Omnibushandel GmbH.<\/p><h3>Haftung f\u00fcr die abrufbaren Inhalte<\/h3><p>Wir \u00fcbernehmen keinerlei Gew\u00e4hr f\u00fcr die Aktualit\u00e4t, Korrektheit, Vollst\u00e4ndigkeit oder Qualit\u00e4t der bereitgestellten Informationen. Haftungsanspr\u00fcche gegen uns, welche sich auf Sch\u00e4den materieller oder ideeller Art beziehen, die durch die Nutzung oder Nichtnutzung der dargebotenen Informationen bzw. durch die Nutzung fehlerhafter und unvollst\u00e4ndiger Informationen verursacht wurden sind grunds\u00e4tzlich ausgeschlossen, sofern unsererseits kein nachweislich vors\u00e4tzliches oder grob fahrl\u00e4ssiges Verschulden vorliegt.<\/p><p>Alle Angebote sind freibleibend und unverbindlich. Wir behalten uns ausdr\u00fccklich vor, Teile der Seiten oder das gesamte Angebot ohne gesonderte Ank\u00fcndigung zu ver\u00e4ndern, zu erg\u00e4nzen, zu l\u00f6schen oder die Ver\u00f6ffentlichung zeitweise oder endg\u00fcltig einzustellen.<\/p>","_et_gb_content_width":"","footnotes":""},"class_list":["post-20","page","type-page","status-publish","hentry"],"_links":{"self":[{"href":"https:\/\/www.ohmp.de\/index.php?rest_route=\/wp\/v2\/pages\/20","targetHints":{"allow":["GET"]}}],"collection":[{"href":"https:\/\/www.ohmp.de\/index.php?rest_route=\/wp\/v2\/pages"}],"about":[{"href":"https:\/\/www.ohmp.de\/index.php?rest_route=\/wp\/v2\/types\/page"}],"author":[{"embeddable":true,"href":"https:\/\/www.ohmp.de\/index.php?rest_route=\/wp\/v2\/users\/1"}],"replies":[{"embeddable":true,"href":"https:\/\/www.ohmp.de\/index.php?rest_route=%2Fwp%2Fv2%2Fcomments&post=20"}],"version-history":[{"count":14,"href":"https:\/\/www.ohmp.de\/index.php?rest_route=\/wp\/v2\/pages\/20\/revisions"}],"predecessor-version":[{"id":1121,"href":"https:\/\/www.ohmp.de\/index.php?rest_route=\/wp\/v2\/pages\/20\/revisions\/1121"}],"wp:attachment":[{"href":"https:\/\/www.ohmp.de\/index.php?rest_route=%2Fwp%2Fv2%2Fmedia&parent=20"}],"curies":[{"name":"wp","href":"https:\/\/api.w.org\/{rel}","templated":true}]}}